{"id":130,"date":"2016-11-02T01:15:31","date_gmt":"2016-11-02T01:15:31","guid":{"rendered":"http:\/\/elston:8888\/?page_id=114"},"modified":"2019-11-28T19:20:43","modified_gmt":"2019-11-28T18:20:43","slug":"wir","status":"publish","type":"page","link":"https:\/\/bluelab.de\/index.php\/wir\/","title":{"rendered":"WIR"},"content":{"rendered":"<div class=\"wpb-content-wrapper\"><p>[vc_row overlay_dotted=&#8220;&#8220; css=&#8220;.vc_custom_1573733974451{background-color: #1d1b43 !important;background-position: center !important;background-repeat: no-repeat !important;background-size: cover !important;}&#8220;][vc_column]\n    \n    <div class=\"elstn-top-banner elstn-parallax-text  elstn-text-69e0d9086328c\">\n      <div class=\"banner-caption\">\n        <div class=\"elstn-table-container\">\n          <div class=\"elstn-align-container\">\n            <\/p>\n<h1 style=\"text-align: center;\">Das Unm\u00f6gliche<br \/>\nf\u00fcr m\u00f6glich halten!<\/h1>\n<h4 style=\"text-align: center;\">#kreativ \u00a0#innovativ \u00a0#berlin<\/h4>\n<p>          <\/div>\n        <\/div>\n      <\/div>\n    <\/div>\n\n    [\/vc_column][\/vc_row][vc_row][vc_column]<div class=\"elstn-about-wrap \"><div class=\"wrapper\"><div><nav>\n                  <div class=\"nav nav-tabs\" id=\"nav-tab\" role=\"tablist\"><a class=\"nav-item nav-link\" id=\"nav-69e0d908633080-tab\" data-toggle=\"tab\" href=\"#nav-69e0d908633080\" role=\"tab\" aria-controls=\"nav-69e0d908633080\" aria-selected=\"true\">\u00dcber uns<\/a><a class=\"nav-item nav-link active\" id=\"nav-69e0d908633081-tab\" data-toggle=\"tab\" href=\"#nav-69e0d908633081\" role=\"tab\" aria-controls=\"nav-69e0d908633081\" aria-selected=\"true\">Unsere Mission<\/a><a class=\"nav-item nav-link\" id=\"nav-69e0d908633082-tab\" data-toggle=\"tab\" href=\"#nav-69e0d908633082\" role=\"tab\" aria-controls=\"nav-69e0d908633082\" aria-selected=\"true\">Unser Anspruch<\/a><\/div>\n                <\/nav><div class=\"tab-content tab-animation\" id=\"nav-tabContent\"><div class=\"tab-pane \" id=\"nav-69e0d908633080\" role=\"tabpanel\" aria-labelledby=\"nav-69e0d908633080-tab\"><div class=\"segva-main-content\">[vc_column_text]<\/p>\n<h4><span style=\"color: #1d1b43;\">Wir sind eine kleine, aber mit vielen anderen Kreativk\u00fcnstler*innen und Programmierern*innen, gut vernetzte Agentur. Wir sind seit 18 Jahren in den Bereichen Kreativ- und IT-L\u00f6sungen f\u00fcr unsere Kunden da. Wir wollen uns nicht selbst verwirklichen, sondern versuchen die jeweils beste L\u00f6sung f\u00fcr unsere Kundschaft zu finden. Unser Motto &#8222;Das Unm\u00f6gliche f\u00fcr m\u00f6glich halten&#8220; hilft uns als Motivation bei all unseren Projekten und Auftr\u00e4gen.<\/span><\/h4>\n<p>[\/vc_column_text]<\/div><\/div><div class=\"tab-pane  active show\" id=\"nav-69e0d908633081\" role=\"tabpanel\" aria-labelledby=\"nav-69e0d908633081-tab\"><div class=\"segva-main-content\">[vc_column_text]<\/p>\n<h2><span style=\"color: #1d1b43;\">Keine L\u00f6sungen von der Stange!<\/span><\/h2>\n<p>[\/vc_column_text]<\/div><\/div><div class=\"tab-pane \" id=\"nav-69e0d908633082\" role=\"tabpanel\" aria-labelledby=\"nav-69e0d908633082-tab\"><div class=\"segva-main-content\">[vc_column_text]<\/p>\n<h3 style=\"text-align: center;\"><span style=\"color: #1d1b43;\">F\u00fcr jedes Problem eine L\u00f6sung finden.<br \/>\nUnsere langj\u00e4hrige Erfahrung macht&#8217;s m\u00f6glich.<\/span><\/h3>\n<p>[\/vc_column_text]<\/div><\/div><\/div><\/div><\/div><\/div>[\/vc_column][\/vc_row][vc_row overlay_dotted=&#8220;&#8220; css=&#8220;.vc_custom_1574944789202{background-color: #232323 !important;background-position: center !important;background-repeat: no-repeat !important;background-size: cover !important;}&#8220;][vc_column]\n    <div class=\"elstn-contact-banner \">\n      <div class=\"wrapper\">\n        <h2>Wir freuen uns auf Ihre Nachricht<\/h2>\n        <div class=\"clearfix\"><a class=\"elstn-btn  elstn-btn-medium elstn-btn-two elstn-btn-rounded  elstn-btn-69e0d90863347\" href=\"https:\/\/bluelab.de\/index.php\/kontakt\/\"><span class=\"btn-text\">Kontakt<\/span><\/a><\/div>\n      <\/div>\n    <\/div>\n\n    [\/vc_column][\/vc_row]<\/p>\n<\/div>","protected":false},"excerpt":{"rendered":"[vc_row overlay_dotted=&#8220;&#8220; css=&#8220;.vc_custom_1573733974451{background-color: #1d1b43 !important;background-position: center !important;background-repeat: no-repeat !important;background-size: cover !important;}&#8220;][vc_column][\/vc_column][\/vc_row][vc_row][vc_column][\/vc_column][\/vc_row][vc_row overlay_dotted=&#8220;&#8220; css=&#8220;.vc_custom_1574944789202{background-color: #232323 !important;background-position: center !important;background-repeat: no-repeat !important;background-size: cover !important;}&#8220;][vc_column][\/vc_column][\/vc_row]","protected":false},"author":1,"featured_media":0,"parent":0,"menu_order":0,"comment_status":"closed","ping_status":"closed","template":"","meta":{"footnotes":""},"class_list":["post-130","page","type-page","status-publish","hentry"],"_links":{"self":[{"href":"https:\/\/bluelab.de\/index.php\/wp-json\/wp\/v2\/pages\/130","targetHints":{"allow":["GET"]}}],"collection":[{"href":"https:\/\/bluelab.de\/index.php\/wp-json\/wp\/v2\/pages"}],"about":[{"href":"https:\/\/bluelab.de\/index.php\/wp-json\/wp\/v2\/types\/page"}],"author":[{"embeddable":true,"href":"https:\/\/bluelab.de\/index.php\/wp-json\/wp\/v2\/users\/1"}],"replies":[{"embeddable":true,"href":"https:\/\/bluelab.de\/index.php\/wp-json\/wp\/v2\/comments?post=130"}],"version-history":[{"count":28,"href":"https:\/\/bluelab.de\/index.php\/wp-json\/wp\/v2\/pages\/130\/revisions"}],"predecessor-version":[{"id":1430,"href":"https:\/\/bluelab.de\/index.php\/wp-json\/wp\/v2\/pages\/130\/revisions\/1430"}],"wp:attachment":[{"href":"https:\/\/bluelab.de\/index.php\/wp-json\/wp\/v2\/media?parent=130"}],"curies":[{"name":"wp","href":"https:\/\/api.w.org\/{rel}","templated":true}]}}